{"id":26,"date":"2021-08-15T23:50:35","date_gmt":"2021-08-15T21:50:35","guid":{"rendered":"http:\/\/atelierdelaphoto.com\/?page_id=26"},"modified":"2026-02-15T12:46:43","modified_gmt":"2026-02-15T11:46:43","slug":"creez-votre-site-avec-des-blocs","status":"publish","type":"page","link":"https:\/\/www.atelierdelaphoto.com\/","title":{"rendered":"L&rsquo;atelier de la photo"},"content":{"rendered":"<div id=\"intro\" class=\"one withsmallpadding ppb_content_half_bg withbg \" style=\"text-align: center; background-image: url('https:\/\/www.atelierdelaphoto.com\/wp-content\/uploads\/2021\/08\/photo-mariage-haute-loire-17.jpg'); background-position: center center; padding: 30px 0 30px 0;\">\n<div class=\"standard_wrapper\">\n<div class=\"page_content_wrapper\">\n<div class=\"inner\">\n<div class=\"one_half_bg\" style=\"background: rgba(255,255,255,0.7);\">\n<div class=\"ppb_subtitle\">Votre mariage : un jour unique<\/div>\n<h2 class=\"ppb_title\">Photographe de mariage: comment le choisir?<\/h2>\n<hr class=\"title_break left\" \/>\n<p>Vous avez choisi la date de la c\u00e9r\u00e9monie<br \/>\nVous avez choisi les t\u00e9moins de votre bonheur<br \/>\nVous avez choisi la plus belle des robes de mari\u00e9e<\/p>\n<p><a href=\"https:\/\/www.atelierdelaphoto.com\/index.php\/portfolios\/mariages\/\">Vous devez choisir le photographe de mariage qui saura immortaliser cette journ\u00e9e de r\u00eave.<\/a><\/p>\n<p><img loading=\"lazy\" decoding=\"async\" class=\"alignnone size-thumbnail wp-image-903\" src=\"https:\/\/www.atelierdelaphoto.com\/wp-content\/uploads\/2024\/01\/logo_seul-copie-150x150.png\" alt=\"\" width=\"150\" height=\"150\" \/><\/p>\n<\/div>\n<\/div>\n<\/div>\n<\/div>\n<\/div>\n<div class=\"divider one\"><\/div>\n<div id=\"intropro\" class=\"one withsmallpadding ppb_content_half_bg withbg \" style=\"text-align: center; background-image: url('https:\/\/www.atelierdelaphoto.com\/wp-content\/uploads\/2024\/01\/IMG_20210218_181909-scaled.jpg'); background-position: center center; padding: 230px 0 230px 0;\">\n<div class=\"standard_wrapper\">\n<div class=\"page_content_wrapper\">\n<div class=\"inner\">\n<div class=\"one_half_bg\" style=\"background: rgba(255,255,255,0.8);\">\n<div class=\"ppb_subtitle\">Donner vie \u00e0 vos projets<\/div>\n<h2 class=\"ppb_title\">Photos professionnelles<\/h2>\n<hr class=\"title_break left\" \/>\n<p><a href=\"https:\/\/www.atelierdelaphoto.com\/index.php\/portfolios\/professionnels\/\">Venez d\u00e9couvrir mes offres pour les entreprises et entrepreneurs :<\/a><br \/>\nPhotos immobili\u00e8res<br \/>\nVues a\u00e9riennes<br \/>\nPackshot produits<br \/>\nPhotos culinaires<br \/>\nSuivis de chantier<\/p>\n<\/div>\n<\/div>\n<\/div>\n<\/div>\n<\/div>\n<div class=\"one withsmallpadding ppb_header \" style=\"text-align: center; padding: 30px 0 30px 0;\">\n<div class=\"standard_wrapper\">\n<div class=\"page_content_wrapper\">\n<div class=\"inner\">\n<div style=\"margin: auto; width: 100%;\">\n<div class=\"ppb_subtitle\">D\u00e9couvrez toutes mes prestations en studio ou sur site<\/div>\n<h2 class=\"ppb_title\">Mes prestations<\/h2>\n<\/div>\n<\/div>\n<\/div>\n<\/div>\n<\/div>\n<div class=\"ppb_portfolio one nopadding \">\n<div class=\"page_content_wrapper \">\n<div class=\"standard_wrapper\">\n<div id=\"1730454670120517495\" class=\"portfolio_filter_wrapper masonry gallery infinite_portfolio portfolio-content section content clearfix three_cols contain\" data-cat=\"\" data-columns=\"3\" data-gutter=\"30\" data-filter=\"0\" data-next-action=\"photography_portfolio_classic\" data-type=\"grid\" data-layout=\"contain\" data-items=\"5\" data-items-ini=\"0\" data-order=\"ASC\" data-order-by=\"menu_order\">\n<div class=\"element grid masonry classic3_cols zoomin\">\n<div class=\"one_third gallery3 classic gallery_type filterable static animated1 hover_display\">\n<p><img loading=\"lazy\" decoding=\"async\" class=\"preview alignright\" src=\"https:\/\/www.atelierdelaphoto.com\/wp-content\/uploads\/2021\/08\/seance-photo-bebe-enfant-18-e1635677481372-705x529.jpg\" alt=\"Grossesses et b\u00e9b\u00e9s\" width=\"328\" height=\"246\" \/><\/p>\n<\/div>\n<\/div>\n<\/div>\n<p><input id=\"1730454670120517495_offset\" name=\"1730454670120517495_offset\" type=\"hidden\" value=\"0\" \/><input id=\"1730454670120517495_total\" name=\"1730454670120517495_total\" type=\"hidden\" value=\"5\" \/><input id=\"1730454670120517495_status\" name=\"1730454670120517495_status\" type=\"hidden\" value=\"0\" \/><\/p>\n<\/div>\n<\/div>\n<\/div>\n<div class=\"standard_wrapper\">\n<div class=\"one withsmallpadding\" style=\"padding: 30px 0 30px 0;\">\n<div class=\"page_content_wrapper\">\n<div class=\"inner\">\n<div class=\"inner_wrapper\">\n<div class=\"sidebar_content \">\n<h2 class=\"ppb_title\">Contact<\/h2>\n<div class=\"ppb_subtitle\">Si vous avez appr\u00e9ci\u00e9 mes clich\u00e9s et ma conception de la photographie du mariage, prenez contact avec moi ici<\/div>\n<div class=\"page_header_sep left\"><\/div>\n<div id=\"reponse_msg_17304546701101773841\" class=\"contact_form_response\"><\/div>\n<form id=\"contact_form_17304546701101773841\" class=\"tg_contact_form contact_form_wrapper\" action=\"\/wp-admin\/admin-ajax.php\" method=\"post\" data-raw-id=\"17304546701101773841\" data-captcha=\"\"><label for=\"your_name\">Nom*<\/label><br \/>\n<input id=\"your_name\" class=\"required_field\" name=\"your_name\" type=\"text\" placeholder=\"Name *\" \/><br \/>\n<label for=\"email\">Email *<\/label><br \/>\n<input id=\"email\" class=\"required_field email\" name=\"email\" type=\"text\" placeholder=\"Email *\" \/><br \/>\n<label for=\"message\">Message *<\/label><br \/>\n<textarea id=\"message\" class=\"required_field\" style=\"width: 95.5%;\" cols=\"10\" name=\"message\" rows=\"7\" placeholder=\"Message *\"><\/textarea><input id=\"gdpr\" class=\"required_field gdpr\" name=\"gdpr\" type=\"checkbox\" value=\"\" \/><br \/>\n<label class=\"gdpr_label\" for=\"gdpr\">En poursuivant vous autorisez l&rsquo;Atelier de la photo de collecter des donn\u00e9es gr\u00e2ce a ce formulaire de contact.<br \/>\n<\/label><\/p>\n<div class=\"contact_submit_wrapper\"><input id=\"contact_submit_btn17304546701101773841\" class=\"solidbg\" name=\"contact_submit_btn17304546701101773841\" type=\"submit\" value=\"Send\" \/><\/div>\n<\/form>\n<\/div>\n<div class=\"sidebar_wrapper \">\n<div class=\"sidebar\">\n<div class=\"content\">\n<ul class=\"sidebar_widget\">\n<li id=\"text-4\" class=\"widget widget_text\">\n<h2 class=\"widgettitle\">Retrouvez-moi<\/h2>\n<div class=\"textwidget\">\n<p><strong>Adresse<\/strong><\/p>\n<p><span id=\"contentAdresse\">22 rue des Capucins<\/span><br \/>\n<span id=\"contentAdresse2\">Villa du Royal<\/span><br \/>\n<span id=\"contentCp\">43000<\/span> <span id=\"contentVille\">Le Puy en Velay<\/span><br \/>\n<span id=\"contentPays\">France<\/span><\/p>\n<p>+33 (0)6 <span id=\"contentTel\">78 02 81 22<\/span><\/p>\n<p><strong>Heures d\u2019ouverture<\/strong><br \/>\nDu lundi au vendredi\u00a0: 9h00\u201417h00<\/p>\n<\/div>\n<p>&nbsp;<\/li>\n<li id=\"photography_social_profiles_posts-2\" class=\"widget Photography_Social_Profiles_Posts\">\n<h2 class=\"widgettitle\">Mes r\u00e9seaux sociaux<\/h2>\n<div class=\"textwidget\">\n<div class=\"social_wrapper shortcode light small\">\n<ul>\n<li class=\"facebook\"><\/li>\n<li class=\"instagram\"><\/li>\n<\/ul>\n<\/div>\n<\/div>\n<\/li>\n<li id=\"block-4\" class=\"widget widget_block\">\n<div style=\"display: inline-block; width: 100%; max-width: 260px; margin-right: 15px; vertical-align: top; font-family: 'Open Sans',sans-serif;\">\n<p><span style=\"display: block; padding: 4px; text-align: center; color: #777777; font-size: 14px; border: 1px dashed #777777;\">Acc\u00e8s aux albums priv\u00e9s<\/span><\/p>\n<p style=\"margin-top: 5px; margin-bottom: 10px; font-size: 13px;\">Saisissez ci-dessous vos identifiants pour acc\u00e9der \u00e0 vos albums<\/p>\n<form action=\"https:\/\/www.jingoo.com\/index.php\" method=\"post\" target=\"_top\">\n<div><input id=\"identifiant2\" style=\"width: 100%; background: #D8D8D8; border: 1px solid #ccc; padding: 5px 10px; color: #555; margin-bottom: 5px;\" name=\"login\" type=\"text\" value=\"YG17-\" placeholder=\"Identifiant\" \/><\/div>\n<div><input id=\"pass2\" style=\"width: 100%; background: #D8D8D8; border: 1px solid #ccc; padding: 5px 10px; color: #555; margin-bottom: 5px;\" name=\"password\" type=\"text\" value=\"Mot de passe\" placeholder=\"Mot de passe\" \/><\/div>\n<p><input name=\"action\" type=\"hidden\" value=\"login\" \/><input name=\"idPhotographeAccesModule\" type=\"hidden\" value=\"\/infos\/acces.php\/615876\" \/><button style=\"display: block; width: 100%; border: 0; padding: 5px; color: #ffffff; background-color: #777777; font-size: 13px; margin-top: 5px; text-decoration: none; text-align: center; border-radius: 2px; cursor: pointer; font-family: 'Open Sans',sans-serif; text-transform: uppercase;\" name=\"Submit3\" type=\"submit\" value=\"OK\">Connexion<\/button><\/p>\n<p>&nbsp;<\/p>\n<p>&nbsp;<\/p>\n<\/form>\n<\/div>\n<\/li>\n<\/ul>\n<\/div>\n<\/div>\n<\/div>\n<\/div>\n<\/div>\n<\/div>\n<\/div>\n<\/div>\n","protected":false},"excerpt":{"rendered":"","protected":false},"author":1,"featured_media":0,"parent":0,"menu_order":1,"comment_status":"closed","ping_status":"closed","template":"","meta":{"footnotes":""},"class_list":["post-26","page","type-page","status-publish","hentry"],"_links":{"self":[{"href":"https:\/\/www.atelierdelaphoto.com\/index.php\/wp-json\/wp\/v2\/pages\/26","targetHints":{"allow":["GET"]}}],"collection":[{"href":"https:\/\/www.atelierdelaphoto.com\/index.php\/wp-json\/wp\/v2\/pages"}],"about":[{"href":"https:\/\/www.atelierdelaphoto.com\/index.php\/wp-json\/wp\/v2\/types\/page"}],"author":[{"embeddable":true,"href":"https:\/\/www.atelierdelaphoto.com\/index.php\/wp-json\/wp\/v2\/users\/1"}],"replies":[{"embeddable":true,"href":"https:\/\/www.atelierdelaphoto.com\/index.php\/wp-json\/wp\/v2\/comments?post=26"}],"version-history":[{"count":150,"href":"https:\/\/www.atelierdelaphoto.com\/index.php\/wp-json\/wp\/v2\/pages\/26\/revisions"}],"predecessor-version":[{"id":1002,"href":"https:\/\/www.atelierdelaphoto.com\/index.php\/wp-json\/wp\/v2\/pages\/26\/revisions\/1002"}],"wp:attachment":[{"href":"https:\/\/www.atelierdelaphoto.com\/index.php\/wp-json\/wp\/v2\/media?parent=26"}],"curies":[{"name":"wp","href":"https:\/\/api.w.org\/{rel}","templated":true}]}}